{"id":961,"date":"2021-02-12T11:41:34","date_gmt":"2021-02-12T10:41:34","guid":{"rendered":"http:\/\/firebike.de\/go\/?post_type=product&#038;p=961"},"modified":"2024-03-03T13:04:30","modified_gmt":"2024-03-03T12:04:30","slug":"gutschein-60e","status":"publish","type":"product","link":"https:\/\/firebike.de\/go\/produkt\/gutschein-60e\/","title":{"rendered":"Gutschein 60\u20ac"},"content":{"rendered":"<p>60 Euro Gutschein f\u00fcr Fahrrad Liebhaber!<\/p>\n<p>Unser Gutschein ist noch individualisierbar, Du kannst ihn zum Beispiel mit einem pers\u00f6nlichen Gru\u00df versehen.<\/p>\n<p>Der Gutschein ist unbefristet einsetzbar und g\u00fcltig f\u00fcr das gesamte Firebike Sortiment.<\/p>\n<p>Der Versand erfolgt umgehend nach Zahlungseingang. Einl\u00f6sbar nur vor Ort, nicht im Webshop.<\/p>\n","protected":false},"excerpt":{"rendered":"<p>60 Euro Gutschein f\u00fcr Fahrrad Liebhaber! Unser Gutschein ist noch individualisierbar, Du kannst ihn zum Beispiel mit einem pers\u00f6nlichen Gru\u00df versehen. Der Gutschein ist unbefristet einsetzbar und g\u00fcltig f\u00fcr das gesamte Firebike Sortiment. Der Versand erfolgt umgehend nach Zahlungseingang. Einl\u00f6sbar nur vor Ort, nicht im Webshop.<\/p>\n","protected":false},"featured_media":1027,"comment_status":"open","ping_status":"closed","template":"","meta":{"_uag_custom_page_level_css":""},"product_cat":[33],"product_tag":[],"uagb_featured_image_src":{"full":["https:\/\/firebike.de\/go\/wp-content\/uploads\/2021\/02\/IMG_7946.jpg",2000,1953,false],"thumbnail":["https:\/\/firebike.de\/go\/wp-content\/uploads\/2021\/02\/IMG_7946-150x150.jpg",150,150,true],"medium":["https:\/\/firebike.de\/go\/wp-content\/uploads\/2021\/02\/IMG_7946-300x293.jpg",300,293,true],"medium_large":["https:\/\/firebike.de\/go\/wp-content\/uploads\/2021\/02\/IMG_7946-768x750.jpg",640,625,true],"large":["https:\/\/firebike.de\/go\/wp-content\/uploads\/2021\/02\/IMG_7946-1024x1000.jpg",640,625,true],"1536x1536":["https:\/\/firebike.de\/go\/wp-content\/uploads\/2021\/02\/IMG_7946-1536x1500.jpg",1536,1500,true],"2048x2048":["https:\/\/firebike.de\/go\/wp-content\/uploads\/2021\/02\/IMG_7946.jpg",2000,1953,false],"woocommerce_thumbnail":["https:\/\/firebike.de\/go\/wp-content\/uploads\/2021\/02\/IMG_7946-300x300.jpg",300,300,true],"woocommerce_single":["https:\/\/firebike.de\/go\/wp-content\/uploads\/2021\/02\/IMG_7946-600x586.jpg",600,586,true],"woocommerce_gallery_thumbnail":["https:\/\/firebike.de\/go\/wp-content\/uploads\/2021\/02\/IMG_7946-100x100.jpg",100,100,true],"ppec_logo_image_size":["https:\/\/firebike.de\/go\/wp-content\/uploads\/2021\/02\/IMG_7946.jpg",61,60,false],"ppec_header_image_size":["https:\/\/firebike.de\/go\/wp-content\/uploads\/2021\/02\/IMG_7946.jpg",92,90,false]},"uagb_author_info":{"display_name":"Beni","author_link":"https:\/\/firebike.de\/go\/author\/"},"uagb_comment_info":1,"uagb_excerpt":"60 Euro Gutschein f\u00fcr Fahrrad Liebhaber! Unser Gutschein ist noch individualisierbar, Du kannst ihn zum Beispiel mit einem pers\u00f6nlichen Gru\u00df versehen. Der Gutschein ist unbefristet einsetzbar und g\u00fcltig f\u00fcr das gesamte Firebike Sortiment. Der Versand erfolgt umgehend nach Zahlungseingang. Einl\u00f6sbar nur vor Ort, nicht im Webshop.","_links":{"self":[{"href":"https:\/\/firebike.de\/go\/wp-json\/wp\/v2\/product\/961"}],"collection":[{"href":"https:\/\/firebike.de\/go\/wp-json\/wp\/v2\/product"}],"about":[{"href":"https:\/\/firebike.de\/go\/wp-json\/wp\/v2\/types\/product"}],"replies":[{"embeddable":true,"href":"https:\/\/firebike.de\/go\/wp-json\/wp\/v2\/comments?post=961"}],"wp:featuredmedia":[{"embeddable":true,"href":"https:\/\/firebike.de\/go\/wp-json\/wp\/v2\/media\/1027"}],"wp:attachment":[{"href":"https:\/\/firebike.de\/go\/wp-json\/wp\/v2\/media?parent=961"}],"wp:term":[{"taxonomy":"product_cat","embeddable":true,"href":"https:\/\/firebike.de\/go\/wp-json\/wp\/v2\/product_cat?post=961"},{"taxonomy":"product_tag","embeddable":true,"href":"https:\/\/firebike.de\/go\/wp-json\/wp\/v2\/product_tag?post=961"}],"curies":[{"name":"wp","href":"https:\/\/api.w.org\/{rel}","templated":true}]}}