{"id":557,"date":"2021-01-08T15:38:03","date_gmt":"2021-01-08T14:38:03","guid":{"rendered":"http:\/\/firebike.de\/go\/impressum\/"},"modified":"2021-02-23T17:34:54","modified_gmt":"2021-02-23T16:34:54","slug":"impressum","status":"publish","type":"page","link":"https:\/\/firebike.de\/go\/impressum\/","title":{"rendered":"Impressum"},"content":{"rendered":"\n<h5>Herausgeber und verantwortlich f\u00fcr den Inhalt<\/h5>\n\n\n\n<p>Firebike \/ Inhaber: Arnd von Jagow<br>Bundesstr. 36<br>52159 Roetgen<\/p>\n\n\n\n<h5><strong>Kontakt<\/strong><\/h5>\n\n\n\n<p>+49 2471 990885<br>info@firebike.de<br>www.firebike.de<\/p>\n\n\n\n<h5>UST-ID-Nr. <\/h5>\n\n\n\n<p>DE812372223<\/p>\n\n\n\n<h5>Bankverbindung<\/h5>\n\n\n\n<p>Sparkasse Aachen<br>DE 97 3905 0000 0047 0509 19<br>BIC: AACSDE33<\/p>\n\n\n\n<h5>Urheberrecht<\/h5>\n\n\n\n<p>Die auf unserer Webseite ver\u00f6ffentlichten Informationen (Texte \u2013 und Bildmaterial, Grafiken, u.\u00e4.m.) sowie deren Struktur unterliegen \u2013 soweit nicht auf das Urheberrecht Dritter (insb. bei Bildmaterial), in unserer Datenschutzerkl\u00e4rung, durch eine anderweitige Urhebernennung hingewiesen wird \u2013 dem Urheberrecht, Firebike. Au\u00dferdem unterliegen Produktbezeichnungen, Abbildungen, Logos und Herstellernamen teilweise auch dem Urheberrecht Dritter. Jede Verwendung au\u00dferhalb der engen Grenzen des Urheberrechtsgesetzes ist ohne Zustimmung unzul\u00e4ssig und strafbar. Der Nutzung von im Rahmen der Impressumspflicht ver\u00f6ffentlichten Kontaktdaten zur \u00dcbersendung von nicht ausdr\u00fccklich angeforderter Werbung und Informationsmaterialien wird hiermit widersprochen. Die Betreiber der Seiten behalten sich ausdr\u00fccklich rechtliche Schritte im Falle der unverlangten Zusendung von Werbeinformationen, etwa durch Spam-E-Mails, vor.<\/p>\n\n\n\n<h5>Haftung f\u00fcr Links<\/h5>\n\n\n\n<p>Unsere Seiten enthalten Verlinkungen auf externe Webseiten Dritter. Auf die Inhalte der verlinkten Webseiten haben wir keinen Einfluss. Demgem\u00e4\u00df kann f\u00fcr diese fremden Inhalte keinerlei Gew\u00e4hr \u00fcbernommen werden. F\u00fcr die Inhalte der verlinkten Webseiten ist stets der jeweilige Anbieter oder Seitenbetreiber verantwortlich. Die verlinkten Webseiten wurden zum Zeitpunkt der Verlinkung auf m\u00f6gliche Rechtsverst\u00f6\u00dfe gepr\u00fcft. Rechtsverletzungen waren zu diesem Zeitpunkt jedoch nicht erkennbar. Eine dauerhafte \u00dcberpr\u00fcfung aller Inhalte der verlinkten Webseite ist ohne konkrete Anhaltspunkte f\u00fcr eine Rechtsverletzung nicht umzusetzen. Gleichwohl werden wir Verlinkungen sofort entfernen, wenn uns Rechtsverletzungen bekannt werden sollten.<\/p>\n\n\n\n<h5>Haftung f\u00fcr Inhalte<\/h5>\n\n\n\n<p>Alle Inhalte unseres Internetangebots wurden mit gr\u00f6\u00dfter Sorgfalt erstellt und gepr\u00fcft. Wir \u00fcbernehmen jedoch keine Gew\u00e4hr daf\u00fcr, dass die Inhalte unserer eigenen Webseite jederzeit korrekt, vollst\u00e4ndig und auf dem neuesten Stand sind. Gem\u00e4\u00df \u00a7 7 Abs. 1 TMG sind wir als Dienstanbieter f\u00fcr eigene Inhalte unseres Internetangebots nach den allgemeinen Gesetzen verantwortlich. Eine Verpflichtung zur \u00dcberwachung fremder \u00fcbermittelter oder gespeicherter Informationen besteht gem\u00e4\u00df \u00a7\u00a7 8-10 TMG nicht. Davon unber\u00fchrt bleiben Verpflichtungen zur Entfernung oder Sperrung der Nutzung von Informationen, die sich aus den allgemeinen Gesetzen ergeben. Inhalte der vorgenannten Art werden wir jedoch umgehend entfernen, wenn uns Rechtsverletzungen bekannt werden. Erst ab dem Zeitpunkt der Kenntniserlangung einer konkreten Rechtsverletzung kann eine Haftung \u00fcbernommen werden.<\/p>\n\n\n\n<h5>Haftung f\u00fcr Inhalte<\/h5>\n\n\n\n<p>Die Europ\u00e4ische Kommission stellt eine Plattform zur Online-Streitbeilegung (OS) bereit, die Du hier findest: <a href=\"http:\/\/ec.europa.eu\/consumers\/odr\">http:\/\/ec.europa.eu\/consumers\/odr<\/a> Wir sind bereit, an einem au\u00dfergerichtlichen Schlichtungsverfahren vor einer Verbraucherschlichtungsstelle teilzunehmen.<\/p>\n\n\n\n<p><\/p>\n\n\n\n<p><strong>Bildnachweis<\/strong><\/p>\n\n\n\n<p>Specialized<\/p>\n\n\n\n<p>Giant<\/p>\n\n\n\n<p>Cannondale<\/p>\n\n\n\n<p>Sportograf<\/p>\n\n\n\n<p><\/p>\n\n\n\n<p><\/p>\n","protected":false},"excerpt":{"rendered":"<p>Herausgeber und verantwortlich f\u00fcr den Inhalt Firebike \/ Inhaber: Arnd von JagowBundesstr. 3652159 Roetgen Kontakt +49 2471 990885info@firebike.dewww.firebike.de UST-ID-Nr. DE812372223 Bankverbindung Sparkasse AachenDE 97 3905 0000 0047 0509 19BIC: AACSDE33 Urheberrecht Die auf unserer Webseite ver\u00f6ffentlichten Informationen (Texte \u2013 und Bildmaterial, Grafiken, u.\u00e4.m.) sowie deren Struktur unterliegen \u2013 soweit nicht auf das Urheberrecht Dritter (insb.<\/p>\n<div class=\"more-link\">\n\t\t\t\t <a href=\"https:\/\/firebike.de\/go\/impressum\/\" class=\"theme-btn theme-btn-line hvr-bounce-to-right\">Weiterlesen<\/a>\n\t\t\t<\/div>\n","protected":false},"author":1,"featured_media":0,"parent":0,"menu_order":0,"comment_status":"closed","ping_status":"closed","template":"","meta":{"_uag_custom_page_level_css":""},"uagb_featured_image_src":{"full":false,"thumbnail":false,"medium":false,"medium_large":false,"large":false,"1536x1536":false,"2048x2048":false,"woocommerce_thumbnail":false,"woocommerce_single":false,"woocommerce_gallery_thumbnail":false,"ppec_logo_image_size":false,"ppec_header_image_size":false},"uagb_author_info":{"display_name":"Beni","author_link":"https:\/\/firebike.de\/go\/author\/beni\/"},"uagb_comment_info":0,"uagb_excerpt":"Herausgeber und verantwortlich f\u00fcr den Inhalt Firebike \/ Inhaber: Arnd von JagowBundesstr. 3652159 Roetgen Kontakt +49 2471 990885info@firebike.dewww.firebike.de UST-ID-Nr. DE812372223 Bankverbindung Sparkasse AachenDE 97 3905 0000 0047 0509 19BIC: AACSDE33 Urheberrecht Die auf unserer Webseite ver\u00f6ffentlichten Informationen (Texte \u2013 und Bildmaterial, Grafiken, u.\u00e4.m.) sowie deren Struktur unterliegen \u2013 soweit nicht auf das Urheberrecht Dritter (insb.&hellip;","_links":{"self":[{"href":"https:\/\/firebike.de\/go\/wp-json\/wp\/v2\/pages\/557"}],"collection":[{"href":"https:\/\/firebike.de\/go\/wp-json\/wp\/v2\/pages"}],"about":[{"href":"https:\/\/firebike.de\/go\/wp-json\/wp\/v2\/types\/page"}],"author":[{"embeddable":true,"href":"https:\/\/firebike.de\/go\/wp-json\/wp\/v2\/users\/1"}],"replies":[{"embeddable":true,"href":"https:\/\/firebike.de\/go\/wp-json\/wp\/v2\/comments?post=557"}],"version-history":[{"count":12,"href":"https:\/\/firebike.de\/go\/wp-json\/wp\/v2\/pages\/557\/revisions"}],"predecessor-version":[{"id":1130,"href":"https:\/\/firebike.de\/go\/wp-json\/wp\/v2\/pages\/557\/revisions\/1130"}],"wp:attachment":[{"href":"https:\/\/firebike.de\/go\/wp-json\/wp\/v2\/media?parent=557"}],"curies":[{"name":"wp","href":"https:\/\/api.w.org\/{rel}","templated":true}]}}