{"id":3,"date":"2020-07-16T11:03:14","date_gmt":"2020-07-16T09:03:14","guid":{"rendered":"http:\/\/firebike.de\/go\/?page_id=3"},"modified":"2021-03-02T14:35:20","modified_gmt":"2021-03-02T13:35:20","slug":"datenschutzerklaerung","status":"publish","type":"page","link":"https:\/\/firebike.de\/go\/datenschutzerklaerung\/","title":{"rendered":"Datenschutzerkl\u00e4rung"},"content":{"rendered":"\n<h3>Wer wir sind<\/h3>\n\n\n\n<p>Wir freuen uns, dass Du unsere Website besuchst und bedanken uns f\u00fcr Dein Interesse an unserem Unternehmen und unseren Produkten. Der Schutz Deiner Privatsph\u00e4re bei der Nutzung unserer Website ist uns wichtig. Daher nimm bitte nachstehende Informationen zur Kenntnis:<\/p>\n\n\n\n<p>Die Adresse unserer Website ist: http:\/\/firebike.de\/.<\/p>\n\n\n\n<h3>Welche personenbezogenen Daten wir sammeln und warum wir sie sammeln<\/h3>\n\n\n\n<p>Du kannst unsere Website grunds\u00e4tzlich besuchen, ohne dass wir personenbezogene Daten von Dir erheben. Personenbezogene Daten werden nur erhoben, wenn Du uns diese von sich aus zur Durchf\u00fchrung eines Vertrages, bei der Er\u00f6ffnung eines Kundenkontos oder im Rahmen der Kontaktaufnahme mitteilst. Diese Daten werden ohne Deine ausdr\u00fcckliche Einwilligung jeweils allein zur Vertragsabwicklung und Bearbeitung Deiner Anfragen genutzt. Nach vollst\u00e4ndiger Abwicklung des Vertrages werden Deine Daten mit R\u00fccksicht auf steuer- und handelsrechtliche Aufbewahrungsfristen gesperrt und nach Ablauf dieser Fristen gel\u00f6scht.<\/p>\n\n\n\n<h3>Weitergabe personenbezogener Daten<\/h3>\n\n\n\n<p>Die von uns erhobenen personenbezogenen Daten werden im Rahmen der Vertragsabwicklung an das mit der Lieferung beauftragte Transportunternehmen weitergegeben, soweit dies zur Lieferung der Ware erforderlich ist. Wir geben Ihre Zahlungsdaten im Rahmen der Abwicklung von Zahlungen an das beauftragte Kreditinstitut weiter.<\/p>\n\n\n\n<p>Bei Zahlung per Kreditkarte via PayPal oder per Lastschrift via PayPal geben wir Ihre Zahlungsdaten im Rahmen der Zahlungsabwicklung an die PayPal (Europe) S.\u00e0 r.l. et Cie, S.C.A., 22-24 Boulevard Royal, L-2449 Luxemburg, weiter. <br><br>Bei Anmeldung zu unserem Newsletter wird Deine E-Mail Adresse an unseren Newsletter Dienstleister newsletter2go weitergeleitet. Diese wird auf einem SSL gesichertern Server in Deutschland nur f\u00fcr unseren Account gesichert. <\/p>\n\n\n\n<h3>Cookies<\/h3>\n\n\n\n<p>Cookies, die nicht unbedingt erforderlich sind, um die Dienste auf dieser Website zur Verf\u00fcgung zu stellen, werden erst nach Einwilligung verwendet. Indem der Nutzer auf Grundlage eines von uns auf der Website erteilten Hinweises (\u201eCookie-Banner\u201c) eine Einwilligung zur Verwendung von Cookies erteilt hat, stimmt er der Verwendung von Cookies zu.<\/p>\n\n\n\n<p>Seine Cookie Einstellungen<\/p>\n\n\n\n<p>kann der Nutzer jederzeit individuell anpassen, indem er zum Beispiel einzelne Cookie-Kategorien aktiviert oder deaktiviert.<\/p>\n\n\n\n<p>Wie der Nutzer Cookies generell (inklusive der unbedingt erforderlichen Cookies) in seinem Browser deaktivieren oder l\u00f6schen kann, wird unter dem Punkt &#8222;Deaktivierung oder L\u00f6schung s\u00e4mtlicher Cookies&#8220; beschrieben.<\/p>\n\n\n\n<h3 id=\"rechtsgrundlage\">Rechtsgrundlage<\/h3>\n\n\n\n<p>Wenn der Nutzer auf Grundlage eines von uns auf der Website erteilten Hinweises (\u201eCookie-Banner\u201c) eine Einwilligung zur Verwendung von Cookies erteilt hat, richtet sich die Rechtm\u00e4\u00dfigkeit der Datenverarbeitung nach Art. 6 Abs. 1 S. 1 lit. a DSGVO. Wenn keine Einwilligung angefordert wird, stellt unser berechtigtes Interesse (d. h. Interesse an der Analyse, Optimierung und dem wirtschaftlichen Betrieb dieser Website und Leistungen) im Sinne des Art. 6 Abs. 1 S. 1 lit. f DSGVO die Rechtsgrundlage f\u00fcr die Nutzung der Cookies dar.<\/p>\n\n\n\n<h3 id=\"kategorien-der-verwendeten-cookies\">Kategorien der verwendeten Cookies<\/h3>\n\n\n\n<p>Je nach Verwendungszweck und Funktion unterteilen wir die von der Website verwendeten Cookies in die folgenden Kategorien:<\/p>\n\n\n\n<ul><li>Unbedingt erforderliche Cookies;<\/li><li>Analyse-\/Statistik-Cookies;<\/li><li>Marketing- \/ Third Party- \/ Zustimmungspflichtige-Cookies<\/li><\/ul>\n\n\n\n<h3 id=\"unbedingt-erforderliche-cookies\">Unbedingt erforderliche Cookies<\/h3>\n\n\n\n<p>Unbedingt erforderliche Cookies sorgen daf\u00fcr, dass diese Website, beziehungsweise der Dienst, ordnungsgem\u00e4\u00df funktioniert. Das hei\u00dft, ohne diese Cookies ist diese Website, beziehungsweise der Dienst, nicht wie vorgesehen nutzbar. Diese Art von Cookies wird ausschlie\u00dflich von dem Betreiber der Website verwendet (First Party Cookies) und s\u00e4mtliche Informationen, die in den Cookies gespeichert sind, werden nur an diese Website gesendet.<\/p>\n\n\n\n<p>Auf unserer Webseite kommen folgende unbedingt erforderlichen Cookies zum Einsatz:<\/p>\n\n\n\n<ul><li>Session Cookies<\/li><li>Cookies zum Speichern Ihrer gew\u00e4hlten Einstellungen f\u00fcr das Speichern von Cookies<\/li><\/ul>\n\n\n\n<p>Unbedingt erforderliche Cookies k\u00f6nnen nicht einzeln deaktiviert bzw. aktiviert werden. Der Nutzer hat jederzeit die M\u00f6glichkeit, seine Cookie Einstellungen anzupassen oder Cookies generell in seinem Browser zu deaktivieren (siehe Punkt \u201eDeaktivierung oder L\u00f6schung s\u00e4mtlicher Cookies&#8220;).<\/p>\n\n\n\n<h3 id=\"performance-cookies\">Analyse-\/Statistik-Cookies<\/h3>\n\n\n\n<p>Analyse-\/Statistik-Cookies sammeln Informationen dar\u00fcber, wie unsere Webseiten genutzt werden, um darauf basierend deren Attraktivit\u00e4t, Inhalt und Funktionalit\u00e4t zu verbessern. Diese Cookies helfen uns beispielsweise festzustellen, ob und welche Unterseiten unserer Webseite besucht werden und f\u00fcr welche Inhalte sich die Nutzer besonders interessieren. Es werden die Anzahl der Zugriffe auf eine Seite, die Anzahl der aufgerufenen Unterseiten, die auf unserer Webseite verbrachte Zeit, die Reihenfolge der besuchten Seiten, welche Suchbegriffe unsere Nutzer zu uns gef\u00fchrt haben, das Land, die Region und gegebenenfalls die Stadt aus der der Zugriff erfolgt, sowie den Anteil von mobilen Endger\u00e4ten, die auf unsere Webseiten zugreifen erfasst. Die aus technischen Gr\u00fcnden \u00fcbermittelte IP-Adresse eines Rechners wird automatisch anonymisiert und erm\u00f6glicht uns keinen R\u00fcckschluss auf den einzelnen Nutzer.<\/p>\n\n\n\n<p>Auf unserer Webseite kommen Cookies folgender Analyse-\/Statistik-Dienste zum Einsatz:<\/p>\n\n\n\n<ul><li>Keine Analyse-\/Statistik-Cookies<\/li><\/ul>\n\n\n\n<p>Der Nutzer der Website kann der Verwendung von Analyse-\/Statistik-Cookies jederzeit widersprechen, indem er seine entsprechend anpasst.<\/p>\n\n\n\n<h3>Eingebettete Inhalte von anderen Websites<\/h3>\n\n\n\n<p>Beitr\u00e4ge auf dieser Website k\u00f6nnen eingebettete Inhalte beinhalten (z.&nbsp;B. Videos, Bilder, Beitr\u00e4ge etc.). Eingebettete Inhalte von anderen Websites verhalten sich exakt so, als ob der Besucher die andere Website besucht h\u00e4tte.<\/p>\n\n\n\n<p>Diese Websites k\u00f6nnen Daten \u00fcber dich sammeln, Cookies benutzen, zus\u00e4tzliche Tracking-Dienste von Dritten einbetten und deine Interaktion mit diesem eingebetteten Inhalt aufzeichnen, inklusive deiner Interaktion mit dem eingebetteten Inhalt, falls du ein Konto hast und auf dieser Website angemeldet bist.<\/p>\n\n\n\n<h3>Wohin wir deine Daten senden<\/h3>\n\n\n\n<p>Eine Nachricht, die \u00fcber diese Seite geschickt wird k\u00f6nnte von einem automatisierten Dienst zur Spam-Erkennung untersucht werden.Deine Kontakt-Informationen.<\/p>\n\n\n\n<h3>WooCommerce Shop<\/h3>\n\n\n\n<p>Wir sammeln Informationen \u00fcber Dich w\u00e4hrend des Bestellvorgangs in unserem Shop.<\/p>\n\n\n\n<h3>Was wir sammeln und speichern<\/h3>\n\n\n\n<p>W\u00e4hrend du unsere Website besuchst, zeichnen wir auf:<\/p>\n\n\n\n<ul><li>Angesehene Produkte: Hier zeigen wir dir Produkte, die du vor Kurzem angesehen hast.<\/li><li>Standort, IP-Adresse und Browser-Typ: Wir verwenden dies f\u00fcr Zwecke wie die Sch\u00e4tzung von Steuern und Versandkosten<\/li><li>Versandadresse: Wir werden dich auffordern, diese anzugeben, um beispielsweise die Versandkosten bestimmen zu k\u00f6nnen, bevor du eine Bestellung aufgibst, und dir die Bestellung zusenden zu k\u00f6nnen.<\/li><\/ul>\n\n\n\n<p>Wir nutzen auch Cookies, um den Inhalt deines Warenkorbs zu verfolgen, w\u00e4hrend du unsere Website besuchst.<\/p>\n\n\n\n<p>Wenn du bei uns einkaufst, werden wir dich auffordern, Informationen wie deinen Namen, deine Rechnungs- und Versandadresse, deine E-Mail-Adresse und deine Telefonnummer, Kreditkartendaten\/Zahlungsdetails sowie optionale Kontoinformationen wie Benutzername und Kennwort anzugeben. Wir nutzen diese Informationen f\u00fcr folgende Zwecke:<\/p>\n\n\n\n<ul><li>Zusenden von Informationen \u00fcber dein Konto und Bestellung<\/li><li>Antwort auf deine Anfragen, inklusive Erstattungen und Beschwerden<\/li><li>Bearbeitung von Zahlungsvorg\u00e4ngen und Verhinderung von Betrug<\/li><li>Richten Sie Ihr Konto f\u00fcr unseren Shop ein<\/li><li>Einhaltung aller rechtlichen Verpflichtungen, beispielsweise die Steuerberechnung<\/li><li>Verbesserung unsere Shop-Angebote<\/li><li>Senden von Marketing-Nachrichten, wenn du diese erhalten m\u00f6chtest<\/li><\/ul>\n\n\n\n<p>Wenn du ein Konto bei uns erstellst, speichern wir deinen Namen, deine Adresse, deine E-Mail-Adresse und deine Telefonnummer. Diese Angaben werden bei k\u00fcnftigen Bestellungen zum Ausf\u00fcllen der Bezahlinformationen verwendet.<\/p>\n\n\n\n<p>Wir speichern Informationen \u00fcber dich \u00fcblicherweise so lange, wie wir sie f\u00fcr den Zweck der Erfassung und Nutzung ben\u00f6tigen und verpflichtet sind, sie zu speichern. Beispielsweise speichern wir Bestellinformationen f\u00fcr 15 Jahre aus Steuer- und Abrechnungsgr\u00fcnden. Dazu geh\u00f6rt dein Name, deine E-Mail-Adresse sowie deine Rechnungs- und Versandadresse.<\/p>\n\n\n\n<p>Wir speichern auch Kommentare oder Bewertungen, wenn du dich dazu entscheidest diese zu hinterlassen.<\/p>\n\n\n\n<h3>Wer aus unserem Team hat Zugang<\/h3>\n\n\n\n<p>Mitglieder unseres Teams haben Zugang zu den Informationen, die du uns zur Verf\u00fcgung stellst. Zum Beispiel k\u00f6nnen sowohl Administratoren als auch Shop-Manager auf Folgendes zugreifen:<\/p>\n\n\n\n<ul><li>Bestellinformationen wie gekaufte Produkte, der Zeitpunkt des Kaufs sowie die Versandadresse und<\/li><li>Kundeninformationen wie dein Name, E-Mail-Adresse, sowie Rechnungs- und Versandinformationen.<\/li><\/ul>\n\n\n\n<p>Unsere Teammitglieder haben Zugriff auf diese Informationen, um Bestellungen zu bearbeiten, R\u00fcckerstattungen vorzunehmen und Dich zu unterst\u00fctzen.<\/p>\n\n\n\n<h2><\/h2>\n","protected":false},"excerpt":{"rendered":"<p>Wer wir sind Wir freuen uns, dass Du unsere Website besuchst und bedanken uns f\u00fcr Dein Interesse an unserem Unternehmen und unseren Produkten. Der Schutz Deiner Privatsph\u00e4re bei der Nutzung unserer Website ist uns wichtig. Daher nimm bitte nachstehende Informationen zur Kenntnis: Die Adresse unserer Website ist: http:\/\/firebike.de\/. Welche personenbezogenen Daten wir sammeln und warum<\/p>\n<div class=\"more-link\">\n\t\t\t\t <a href=\"https:\/\/firebike.de\/go\/datenschutzerklaerung\/\" class=\"theme-btn theme-btn-line hvr-bounce-to-right\">Weiterlesen<\/a>\n\t\t\t<\/div>\n","protected":false},"author":1,"featured_media":0,"parent":0,"menu_order":0,"comment_status":"closed","ping_status":"open","template":"","meta":{"_uag_custom_page_level_css":""},"uagb_featured_image_src":{"full":false,"thumbnail":false,"medium":false,"medium_large":false,"large":false,"1536x1536":false,"2048x2048":false,"woocommerce_thumbnail":false,"woocommerce_single":false,"woocommerce_gallery_thumbnail":false,"ppec_logo_image_size":false,"ppec_header_image_size":false},"uagb_author_info":{"display_name":"Beni","author_link":"https:\/\/firebike.de\/go\/author\/beni\/"},"uagb_comment_info":0,"uagb_excerpt":"Wer wir sind Wir freuen uns, dass Du unsere Website besuchst und bedanken uns f\u00fcr Dein Interesse an unserem Unternehmen und unseren Produkten. Der Schutz Deiner Privatsph\u00e4re bei der Nutzung unserer Website ist uns wichtig. Daher nimm bitte nachstehende Informationen zur Kenntnis: Die Adresse unserer Website ist: http:\/\/firebike.de\/. Welche personenbezogenen Daten wir sammeln und warum&hellip;","_links":{"self":[{"href":"https:\/\/firebike.de\/go\/wp-json\/wp\/v2\/pages\/3"}],"collection":[{"href":"https:\/\/firebike.de\/go\/wp-json\/wp\/v2\/pages"}],"about":[{"href":"https:\/\/firebike.de\/go\/wp-json\/wp\/v2\/types\/page"}],"author":[{"embeddable":true,"href":"https:\/\/firebike.de\/go\/wp-json\/wp\/v2\/users\/1"}],"replies":[{"embeddable":true,"href":"https:\/\/firebike.de\/go\/wp-json\/wp\/v2\/comments?post=3"}],"version-history":[{"count":6,"href":"https:\/\/firebike.de\/go\/wp-json\/wp\/v2\/pages\/3\/revisions"}],"predecessor-version":[{"id":1167,"href":"https:\/\/firebike.de\/go\/wp-json\/wp\/v2\/pages\/3\/revisions\/1167"}],"wp:attachment":[{"href":"https:\/\/firebike.de\/go\/wp-json\/wp\/v2\/media?parent=3"}],"curies":[{"name":"wp","href":"https:\/\/api.w.org\/{rel}","templated":true}]}}