{"id":273,"date":"2018-11-27T09:17:28","date_gmt":"2018-11-27T09:17:28","guid":{"rendered":""},"modified":"2025-04-12T12:32:31","modified_gmt":"2025-04-12T10:32:31","slug":"marken","status":"publish","type":"page","link":"https:\/\/firebike.de\/go\/marken\/","title":{"rendered":"BIKES"},"content":{"rendered":"\n<section class=\"wp-block-uagb-section uagb-section__wrap uagb-section__background-image uagb-block-8aa48d18\"><div class=\"uagb-section__overlay\"><\/div><div class=\"uagb-section__inner-wrap\">\n<div class=\"wp-block-uagb-advanced-heading uagb-block-5d6339d9\" id=\"uagb-adv-heading-a923f2b2-433e-40f3-81b3-fadd7b549f10\"><h1 class=\"uagb-heading-text\"><strong>INNOVATIVE BIKE MARKEN<\/strong><\/h1><\/div>\n<\/div><\/section>\n\n\n\n<section class=\"wp-block-uagb-section uagb-section__wrap uagb-section__background-gradient uagb-block-300b04be\"><div class=\"uagb-section__overlay\"><\/div><div class=\"uagb-section__inner-wrap\">\n<div class=\"wp-block-uagb-advanced-heading uagb-block-f848cd90\" id=\"uagb-adv-heading-ec25cf1a-a250-4c95-b98f-1a23e36801f8\"><h2 class=\"uagb-heading-text\"><strong>ITS TIME TO START YOUR ADVENTURES<\/strong><\/h2><p class=\"uagb-desc-text\"><br>Die Bikes, die Du bei uns bekommst, stehen f\u00fcr ein St\u00fcck Bike Geschichte und technische Innovationen \u2013 wie Cannondale\u00b4s Lefty und BB30 Standard, Rotwild mit Brose Antrieb und Red Dot Awards, der spanische Hersteller Orbea, der seit 1931 Geschichte schreibt, Giant mit dem ersten Rennrad aus Vollcarbon, Ridley\u00b4s und Thompson\u00b4s Customized Bikes.<br><br><br>&#8211;<strong>Das beste Bike f\u00fcr den richtigen Zweck<\/strong>&#8211;<br><br><br>W\u00e4hle aus unserer gro\u00dfen Vielfalt der Marken <br>ROTWILD, AMFLOW, GIANT, ORBEA, CANNONDALE, THOMPSON und RIDLEY&nbsp;<strong>DEIN <\/strong>perfektes Bike! <br>Egal ob Cross Country Race Bike, All Mountain Allesk\u00f6nner oder ein Kracher Enduro wir haben das passende Bike f\u00fcr Dich! <br>Du findest bei uns die beste Auswahl an E-Mountain-, E-Trekkingbikes und Kinderr\u00e4dern. <\/p><\/div>\n<\/div><\/section>\n\n\n\n<p><\/p>\n\n\n\n<div class=\"wp-block-media-text alignwide is-stacked-on-mobile\"><figure class=\"wp-block-media-text__media\"><img decoding=\"async\" loading=\"lazy\" width=\"1024\" height=\"683\" src=\"http:\/\/firebike.de\/go\/wp-content\/uploads\/2021\/02\/category_enduro_01_3x2_01-1024x683.jpg\" alt=\"\" class=\"wp-image-632 size-full\" srcset=\"https:\/\/firebike.de\/go\/wp-content\/uploads\/2021\/02\/category_enduro_01_3x2_01-1024x683.jpg 1024w, https:\/\/firebike.de\/go\/wp-content\/uploads\/2021\/02\/category_enduro_01_3x2_01-300x200.jpg 300w, https:\/\/firebike.de\/go\/wp-content\/uploads\/2021\/02\/category_enduro_01_3x2_01-768x512.jpg 768w, https:\/\/firebike.de\/go\/wp-content\/uploads\/2021\/02\/category_enduro_01_3x2_01-1536x1024.jpg 1536w, https:\/\/firebike.de\/go\/wp-content\/uploads\/2021\/02\/category_enduro_01_3x2_01-2048x1366.jpg 2048w, https:\/\/firebike.de\/go\/wp-content\/uploads\/2021\/02\/category_enduro_01_3x2_01-600x400.jpg 600w\" sizes=\"(max-width: 1024px) 100vw, 1024px\" \/><\/figure><div class=\"wp-block-media-text__content\">\n<h2>ROTWILD<\/h2>\n\n\n\n<p><strong>&#8222;Motivator sein: Fahrspa\u00df und -dynamik motivieren Sie, Ihre Leistung ausdauernd zu steigern.<br>Radsport ist unsere Dom\u00e4ne. Als ROTWILD geben wir unser Herzblut, um Sie bei Ihrer sportlichen Passion kraftvoll voranzubringen. Was uns antreibt ist die Leidenschaft, immer besser zu werden. Denn Radfahren bedeutet f\u00fcr uns mehr als nur Business, es bedeutet Unabh\u00e4ngigkeit, Vergn\u00fcgen, Entspannung &#8211; kurzum Lebensqualit\u00e4t. Um diesen Punkten gerecht zu werden, fertigen wir R\u00e4der, die auch wir fahren m\u00f6chten und die es Ihnen erm\u00f6glichen, Ihre ehrgeizigen Ziele zu erreichen, Grenzerfahrungen zu machen und sich konstant zu steigern.&#8220;<\/strong><\/p>\n<\/div><\/div>\n\n\n\n<hr class=\"wp-block-separator has-text-color has-cyan-bluish-gray-color has-css-opacity has-cyan-bluish-gray-background-color has-background\"\/>\n\n\n\n<div class=\"wp-block-media-text alignwide has-media-on-the-right is-stacked-on-mobile\"><div class=\"wp-block-media-text__content\">\n<h2>AMFLOW<\/h2>\n\n\n\n<p><strong>&#8222;Jahre in der Mache &#8211; 2023 mit Stolz geboren. Bis vor einigen Rides \u2013 waren wir nur eine Gruppe Tech-Experten mit einer grenzenlosen Begeisterung f\u00fcr\u2019s Mountainbiken. Wir haben Trail-Leidenschaft mit Tech-Expertise vereint und uns verb\u00fcndet, mit anderen Bahnbrechern wie DJI und den besten uns bekannten Bike-Designern \u2013 um E-Bikes komplett neu zu denken. Heute \u2013 sind wir eine Crew von begeisterten Bike-Experten<br>mit grenzenloser Leidenschaft f\u00fcr Spitzentechnologie.                                Hallo Welt! Wir sind Amflow.&#8220;<\/strong><\/p>\n\n\n\n<p><\/p>\n\n\n\n<p><\/p>\n<\/div><figure class=\"wp-block-media-text__media\"><img decoding=\"async\" loading=\"lazy\" width=\"1024\" height=\"1024\" src=\"https:\/\/firebike.de\/go\/wp-content\/uploads\/2025\/04\/Amflow-.pdf-1024x1024.jpg\" alt=\"\" class=\"wp-image-3785 size-full\" srcset=\"https:\/\/firebike.de\/go\/wp-content\/uploads\/2025\/04\/Amflow-.pdf-1024x1024.jpg 1024w, https:\/\/firebike.de\/go\/wp-content\/uploads\/2025\/04\/Amflow-.pdf-300x300.jpg 300w, https:\/\/firebike.de\/go\/wp-content\/uploads\/2025\/04\/Amflow-.pdf-150x150.jpg 150w, https:\/\/firebike.de\/go\/wp-content\/uploads\/2025\/04\/Amflow-.pdf-768x768.jpg 768w, https:\/\/firebike.de\/go\/wp-content\/uploads\/2025\/04\/Amflow-.pdf-1536x1536.jpg 1536w, https:\/\/firebike.de\/go\/wp-content\/uploads\/2025\/04\/Amflow-.pdf-2048x2048.jpg 2048w, https:\/\/firebike.de\/go\/wp-content\/uploads\/2025\/04\/Amflow-.pdf-600x600.jpg 600w, https:\/\/firebike.de\/go\/wp-content\/uploads\/2025\/04\/Amflow-.pdf-100x100.jpg 100w, https:\/\/firebike.de\/go\/wp-content\/uploads\/2025\/04\/Amflow-.pdf-60x60.jpg 60w, https:\/\/firebike.de\/go\/wp-content\/uploads\/2025\/04\/Amflow-.pdf-90x90.jpg 90w\" sizes=\"(max-width: 1024px) 100vw, 1024px\" \/><\/figure><\/div>\n\n\n\n<hr class=\"wp-block-separator has-text-color has-cyan-bluish-gray-color has-css-opacity has-cyan-bluish-gray-background-color has-background\"\/>\n\n\n\n<div class=\"wp-block-media-text alignwide is-stacked-on-mobile\"><figure class=\"wp-block-media-text__media\"><img decoding=\"async\" loading=\"lazy\" width=\"1024\" height=\"563\" src=\"https:\/\/firebike.de\/go\/wp-content\/uploads\/2022\/09\/HOME-030322-2000x1100-1-1024x563.jpg\" alt=\"\" class=\"wp-image-2247 size-full\" srcset=\"https:\/\/firebike.de\/go\/wp-content\/uploads\/2022\/09\/HOME-030322-2000x1100-1-1024x563.jpg 1024w, https:\/\/firebike.de\/go\/wp-content\/uploads\/2022\/09\/HOME-030322-2000x1100-1-300x165.jpg 300w, https:\/\/firebike.de\/go\/wp-content\/uploads\/2022\/09\/HOME-030322-2000x1100-1-768x422.jpg 768w, https:\/\/firebike.de\/go\/wp-content\/uploads\/2022\/09\/HOME-030322-2000x1100-1-1536x845.jpg 1536w, https:\/\/firebike.de\/go\/wp-content\/uploads\/2022\/09\/HOME-030322-2000x1100-1-600x330.jpg 600w, https:\/\/firebike.de\/go\/wp-content\/uploads\/2022\/09\/HOME-030322-2000x1100-1-109x60.jpg 109w, https:\/\/firebike.de\/go\/wp-content\/uploads\/2022\/09\/HOME-030322-2000x1100-1-164x90.jpg 164w, https:\/\/firebike.de\/go\/wp-content\/uploads\/2022\/09\/HOME-030322-2000x1100-1.jpg 2000w\" sizes=\"(max-width: 1024px) 100vw, 1024px\" \/><\/figure><div class=\"wp-block-media-text__content\">\n<h2>ORBEA<\/h2>\n\n\n\n<p><strong>Orbea wurde 1840 von den drei Br\u00fcdern Casimiro, Juan Manuel und Mateo Orbea als Waffenhersteller gegr\u00fcndet, ab 1920 begann die Firma damit, Fahrr\u00e4der herzustellen. Orbea entwickelt alle Rahmen selbst und fertigt seine Prototypen in Mallabia an. <\/strong><\/p>\n\n\n\n<p><strong>Design wird bei Orbea gro\u00df geschrieben, die Rahmen stecken voller Know-How und moderner Technologie, und die Farbkombinationen sind toll.<\/strong><\/p>\n<\/div><\/div>\n\n\n\n<hr class=\"wp-block-separator has-text-color has-cyan-bluish-gray-color has-css-opacity has-cyan-bluish-gray-background-color has-background\"\/>\n\n\n\n<div class=\"wp-block-media-text alignwide has-media-on-the-right is-stacked-on-mobile\"><div class=\"wp-block-media-text__content\">\n<h2>GIANT<\/h2>\n\n\n\n<p><strong>&#8222;Es stimmt, dass GIANT der weltgr\u00f6\u00dfte Hersteller von hochwertigen Bikes ist, aber wir vergessen niemals, wo wir herkommen. Wir haben mal ganz klein angefangen. Und alles gr\u00fcndete sich auf einer Idee: Der beste Weg, um die Leidenschaft f\u00fcrs Radfahren zu erwecken, ist die Herstellung der besten Produkte, die f\u00fcr jedermann (und nat\u00fcrlich jedefrau) erschwinglich und zug\u00e4nglich sind. Das haben wir damals gemacht \u2013 und das machen wir noch heute.&#8220;<br>Ride Life. Ride Giant.<\/strong><\/p>\n<\/div><figure class=\"wp-block-media-text__media\"><img decoding=\"async\" loading=\"lazy\" width=\"1024\" height=\"683\" src=\"http:\/\/firebike.de\/go\/wp-content\/uploads\/2021\/02\/TranceXAdvancedPro29action-1024x683.jpg\" alt=\"\" class=\"wp-image-634 size-full\" srcset=\"https:\/\/firebike.de\/go\/wp-content\/uploads\/2021\/02\/TranceXAdvancedPro29action-1024x683.jpg 1024w, https:\/\/firebike.de\/go\/wp-content\/uploads\/2021\/02\/TranceXAdvancedPro29action-300x200.jpg 300w, https:\/\/firebike.de\/go\/wp-content\/uploads\/2021\/02\/TranceXAdvancedPro29action-768x512.jpg 768w, https:\/\/firebike.de\/go\/wp-content\/uploads\/2021\/02\/TranceXAdvancedPro29action-600x400.jpg 600w, https:\/\/firebike.de\/go\/wp-content\/uploads\/2021\/02\/TranceXAdvancedPro29action.jpg 1200w\" sizes=\"(max-width: 1024px) 100vw, 1024px\" \/><\/figure><\/div>\n\n\n\n<hr class=\"wp-block-separator has-text-color has-cyan-bluish-gray-color has-css-opacity has-cyan-bluish-gray-background-color has-background\"\/>\n\n\n\n<div class=\"wp-block-media-text alignwide is-stacked-on-mobile\"><figure class=\"wp-block-media-text__media\"><img decoding=\"async\" loading=\"lazy\" width=\"1024\" height=\"1024\" src=\"https:\/\/firebike.de\/go\/wp-content\/uploads\/2025\/04\/moterr-1024x1024.jpg\" alt=\"\" class=\"wp-image-3786 size-full\" srcset=\"https:\/\/firebike.de\/go\/wp-content\/uploads\/2025\/04\/moterr-1024x1024.jpg 1024w, https:\/\/firebike.de\/go\/wp-content\/uploads\/2025\/04\/moterr-300x300.jpg 300w, https:\/\/firebike.de\/go\/wp-content\/uploads\/2025\/04\/moterr-150x150.jpg 150w, https:\/\/firebike.de\/go\/wp-content\/uploads\/2025\/04\/moterr-768x768.jpg 768w, https:\/\/firebike.de\/go\/wp-content\/uploads\/2025\/04\/moterr-1536x1536.jpg 1536w, https:\/\/firebike.de\/go\/wp-content\/uploads\/2025\/04\/moterr-600x600.jpg 600w, https:\/\/firebike.de\/go\/wp-content\/uploads\/2025\/04\/moterr-100x100.jpg 100w, https:\/\/firebike.de\/go\/wp-content\/uploads\/2025\/04\/moterr-60x60.jpg 60w, https:\/\/firebike.de\/go\/wp-content\/uploads\/2025\/04\/moterr-90x90.jpg 90w, https:\/\/firebike.de\/go\/wp-content\/uploads\/2025\/04\/moterr.jpg 1920w\" sizes=\"(max-width: 1024px) 100vw, 1024px\" \/><\/figure><div class=\"wp-block-media-text__content\">\n<h2>CANNONDALE<\/h2>\n\n\n\n<p><strong>&#8222;Es war 1971: ein Jahr, in dem sich die Welt schnell zu ver\u00e4ndern begann, mit einem aufregenden neuen Geist digitaler Erfindung, Kreativit\u00e4t und Fantasie sowie einem weltweiten Antrieb nach neuen Dingen.<br>Und doch war Radfahren immer noch sehr traditionell, sehr konventionell und entsprach einer Art Regelwerk: Unsere Gr\u00fcnder glaubten, dass es einen besseren Weg geben musste.<br>In einer Werksatt in Connecticut haben wir uns daran gemacht, das Radfahren f\u00fcr alle zum Besseren zu revolutionieren.<br>Wir haben das Fahrwerk mit einseitigen Gabeln ausgestattet, unglaubliche Rahmen und Produkte entworfen, die den Rennsport neu erfunden haben, preisgekr\u00f6nte Fahrr\u00e4der geschaffen, die dazu beigetragen haben, die Menschen weiter voranzutreiben.&#8220;<\/strong><\/p>\n<\/div><\/div>\n\n\n\n<hr class=\"wp-block-separator has-text-color has-cyan-bluish-gray-color has-css-opacity has-cyan-bluish-gray-background-color has-background\"\/>\n\n\n\n<div class=\"wp-block-media-text alignwide has-media-on-the-right is-stacked-on-mobile\"><div class=\"wp-block-media-text__content\">\n<h2>RIDLEY<\/h2>\n\n\n\n<p><strong>Ridley wurde 1997 von Jochim Aerts gegr\u00fcndet. Bis heute hat Ridley seinen Sitz in Flandern, Belgien \u2013 dem Ursprung des Radsports.<br>&#8222;Konstruiert, akribisch lackiert und montiert hier in Flandern. Das ist etwas, das du bei jedem Pedaltritt sp\u00fcren wirst, wenn du mit deinem Ridley auf Sonntagstour bist, einen schweren Berg hinaufkletterst oder auf dem Radweg neben dem Kanal deine pers\u00f6nliche Bestzeit unterbietest.&#8220;<\/strong><\/p>\n<\/div><figure class=\"wp-block-media-text__media\"><img decoding=\"async\" loading=\"lazy\" width=\"960\" height=\"640\" src=\"http:\/\/firebike.de\/go\/wp-content\/uploads\/2021\/02\/Launch-Kanzo-Fast-Copyright-Ridley-Bikes-3-20f0997-scaled-1.jpg\" alt=\"\" class=\"wp-image-638 size-full\" srcset=\"https:\/\/firebike.de\/go\/wp-content\/uploads\/2021\/02\/Launch-Kanzo-Fast-Copyright-Ridley-Bikes-3-20f0997-scaled-1.jpg 960w, https:\/\/firebike.de\/go\/wp-content\/uploads\/2021\/02\/Launch-Kanzo-Fast-Copyright-Ridley-Bikes-3-20f0997-scaled-1-300x200.jpg 300w, https:\/\/firebike.de\/go\/wp-content\/uploads\/2021\/02\/Launch-Kanzo-Fast-Copyright-Ridley-Bikes-3-20f0997-scaled-1-768x512.jpg 768w, https:\/\/firebike.de\/go\/wp-content\/uploads\/2021\/02\/Launch-Kanzo-Fast-Copyright-Ridley-Bikes-3-20f0997-scaled-1-600x400.jpg 600w\" sizes=\"(max-width: 960px) 100vw, 960px\" \/><\/figure><\/div>\n\n\n\n<p><\/p>\n\n\n\n<hr class=\"wp-block-separator has-text-color has-cyan-bluish-gray-color has-css-opacity has-cyan-bluish-gray-background-color has-background\"\/>\n\n\n\n<div class=\"wp-block-media-text alignwide is-stacked-on-mobile\"><figure class=\"wp-block-media-text__media\"><img decoding=\"async\" loading=\"lazy\" width=\"1024\" height=\"1024\" src=\"https:\/\/firebike.de\/go\/wp-content\/uploads\/2022\/09\/199469582_1816880491819488_3585871273041222769_n-1024x1024.jpg\" alt=\"\" class=\"wp-image-2250 size-full\" srcset=\"https:\/\/firebike.de\/go\/wp-content\/uploads\/2022\/09\/199469582_1816880491819488_3585871273041222769_n-1024x1024.jpg 1024w, https:\/\/firebike.de\/go\/wp-content\/uploads\/2022\/09\/199469582_1816880491819488_3585871273041222769_n-300x300.jpg 300w, https:\/\/firebike.de\/go\/wp-content\/uploads\/2022\/09\/199469582_1816880491819488_3585871273041222769_n-150x150.jpg 150w, https:\/\/firebike.de\/go\/wp-content\/uploads\/2022\/09\/199469582_1816880491819488_3585871273041222769_n-768x768.jpg 768w, https:\/\/firebike.de\/go\/wp-content\/uploads\/2022\/09\/199469582_1816880491819488_3585871273041222769_n-1536x1536.jpg 1536w, https:\/\/firebike.de\/go\/wp-content\/uploads\/2022\/09\/199469582_1816880491819488_3585871273041222769_n-600x600.jpg 600w, https:\/\/firebike.de\/go\/wp-content\/uploads\/2022\/09\/199469582_1816880491819488_3585871273041222769_n-100x100.jpg 100w, https:\/\/firebike.de\/go\/wp-content\/uploads\/2022\/09\/199469582_1816880491819488_3585871273041222769_n-60x60.jpg 60w, https:\/\/firebike.de\/go\/wp-content\/uploads\/2022\/09\/199469582_1816880491819488_3585871273041222769_n-90x90.jpg 90w, https:\/\/firebike.de\/go\/wp-content\/uploads\/2022\/09\/199469582_1816880491819488_3585871273041222769_n.jpg 1695w\" sizes=\"(max-width: 1024px) 100vw, 1024px\" \/><\/figure><div class=\"wp-block-media-text__content\">\n<h2>THOMPSON<\/h2>\n\n\n\n<p><strong>Thompson ist ein belgisches Familienunternehmen, das 1921 von Hector De Smet in der Stadt Geraardsbergen gegr\u00fcndet wurde, der Heimat der \u201eMuur van Geraardsbergen\u201c, die nat\u00fcrlich von der Ronde Van Vlaanderen bekannt ist. Nach der Gr\u00fcndung begann Thompson sofort mit der vollst\u00e4ndigen Produktion im eigenen Haus, vom Design bis zum Schwei\u00dfen, Lackieren und Montieren der Rahmen. Die Thompson-Philosophie wurde der \u00d6ffentlichkeit sehr schnell klar, n\u00e4mlich \u201eEine hohe Qualit\u00e4t zu einem fairen Preis\u201c.<\/strong><\/p>\n<\/div><\/div>\n","protected":false},"excerpt":{"rendered":"<p>ROTWILD &#8222;Motivator sein: Fahrspa\u00df und -dynamik motivieren Sie, Ihre Leistung ausdauernd zu steigern.Radsport ist unsere Dom\u00e4ne. Als ROTWILD geben wir unser Herzblut, um Sie bei Ihrer sportlichen Passion kraftvoll voranzubringen. Was uns antreibt ist die Leidenschaft, immer besser zu werden. Denn Radfahren bedeutet f\u00fcr uns mehr als nur Business, es bedeutet Unabh\u00e4ngigkeit, Vergn\u00fcgen, Entspannung &#8211;<\/p>\n<div class=\"more-link\">\n\t\t\t\t <a href=\"https:\/\/firebike.de\/go\/marken\/\" class=\"theme-btn theme-btn-line hvr-bounce-to-right\">Weiterlesen<\/a>\n\t\t\t<\/div>\n","protected":false},"author":1,"featured_media":0,"parent":0,"menu_order":0,"comment_status":"closed","ping_status":"closed","template":"","meta":{"_uag_custom_page_level_css":""},"uagb_featured_image_src":{"full":false,"thumbnail":false,"medium":false,"medium_large":false,"large":false,"1536x1536":false,"2048x2048":false,"woocommerce_thumbnail":false,"woocommerce_single":false,"woocommerce_gallery_thumbnail":false,"ppec_logo_image_size":false,"ppec_header_image_size":false},"uagb_author_info":{"display_name":"Beni","author_link":"https:\/\/firebike.de\/go\/author\/beni\/"},"uagb_comment_info":0,"uagb_excerpt":"ROTWILD &#8222;Motivator sein: Fahrspa\u00df und -dynamik motivieren Sie, Ihre Leistung ausdauernd zu steigern.Radsport ist unsere Dom\u00e4ne. Als ROTWILD geben wir unser Herzblut, um Sie bei Ihrer sportlichen Passion kraftvoll voranzubringen. Was uns antreibt ist die Leidenschaft, immer besser zu werden. Denn Radfahren bedeutet f\u00fcr uns mehr als nur Business, es bedeutet Unabh\u00e4ngigkeit, Vergn\u00fcgen, Entspannung &#8211;&hellip;","_links":{"self":[{"href":"https:\/\/firebike.de\/go\/wp-json\/wp\/v2\/pages\/273"}],"collection":[{"href":"https:\/\/firebike.de\/go\/wp-json\/wp\/v2\/pages"}],"about":[{"href":"https:\/\/firebike.de\/go\/wp-json\/wp\/v2\/types\/page"}],"author":[{"embeddable":true,"href":"https:\/\/firebike.de\/go\/wp-json\/wp\/v2\/users\/1"}],"replies":[{"embeddable":true,"href":"https:\/\/firebike.de\/go\/wp-json\/wp\/v2\/comments?post=273"}],"version-history":[{"count":65,"href":"https:\/\/firebike.de\/go\/wp-json\/wp\/v2\/pages\/273\/revisions"}],"predecessor-version":[{"id":3789,"href":"https:\/\/firebike.de\/go\/wp-json\/wp\/v2\/pages\/273\/revisions\/3789"}],"wp:attachment":[{"href":"https:\/\/firebike.de\/go\/wp-json\/wp\/v2\/media?parent=273"}],"curies":[{"name":"wp","href":"https:\/\/api.w.org\/{rel}","templated":true}]}}