{"id":272,"date":"2018-11-27T09:17:08","date_gmt":"2018-11-27T09:17:08","guid":{"rendered":""},"modified":"2021-02-22T17:17:57","modified_gmt":"2021-02-22T16:17:57","slug":"about","status":"publish","type":"page","link":"https:\/\/firebike.de\/go\/about\/","title":{"rendered":"Firebike"},"content":{"rendered":"\n<section class=\"wp-block-uagb-section uagb-section__wrap uagb-section__background-image uagb-block-1b9c73d5\"><div class=\"uagb-section__overlay\"><\/div><div class=\"uagb-section__inner-wrap\">\n<div class=\"wp-block-uagb-advanced-heading uagb-block-080b151b\" id=\"uagb-adv-heading-39e34168-4059-4c71-9558-eae261c0d5e4\"><h1 class=\"uagb-heading-text\"><strong>Wer sind wir?<\/strong><\/h1><p class=\"uagb-desc-text\"><\/p><\/div>\n<\/div><\/section>\n\n\n\n<section class=\"wp-block-uagb-section uagb-section__wrap uagb-section__background-gradient uagb-block-1ec10da6\"><div class=\"uagb-section__overlay\"><\/div><div class=\"uagb-section__inner-wrap\">\n<div class=\"is-layout-flex wp-container-6 wp-block-columns has-2-columns\">\n<div class=\"is-layout-flow wp-block-column\">\n<div class=\"is-layout-flex wp-container-3 wp-block-columns\">\n<div class=\"is-layout-flow wp-block-column\" style=\"flex-basis:100%\">\n<div class=\"is-layout-flow wp-block-group\"><div class=\"wp-block-group__inner-container\">\n<div class=\"wp-block-uagb-info-box uagb-infobox__outer-wrap uagb-block-957abe3b\"><div class=\"uagb-infobox__content-wrap uagb-infobox uagb-infobox-has-icon uagb-infobox-icon-above-title uagb-infobox-image-valign-top uagb-infobox-enable-border-radius \"><div class=\"uagb-ifb-left-right-wrap\"><div class=\"uagb-ifb-content\"><div class=\"uagb-ifb-title-wrap\"><span class=\"uagb-ifb-title-prefix\">P<\/span><h2 class=\"uagb-ifb-title\">UNSERE MISSION<\/h2><\/div><div class=\"uagb-ifb-separator-parent\"><div class=\"uagb-ifb-separator\"><\/div><\/div><div class=\"uagb-ifb-text-wrap\"><p class=\"uagb-ifb-desc\"><br><strong><em><strong>Tr\u00e4ume nicht dein Leben<\/strong>, <strong>sondern lebe deinen Traum<\/strong>. <strong>Denn Tr\u00e4ume setzen Ziele<\/strong> und <strong>Ziele<\/strong> kannst du erreichen. <\/em><\/strong><br>(<em>Tommaso Campanella<\/em>)<\/p><\/div><\/div><\/div><\/div><\/div>\n<\/div><\/div>\n<\/div>\n<\/div>\n\n\n\n<p class=\"has-black-color has-text-color\">Wir haben viel erreicht, uns weiterentwickelt und immer an uns geglaubt.- Nur so war und ist es m\u00f6glich, seit der Gr\u00fcndung des Radsportgesch\u00e4fts FIREBIKE in Roetgen im Jahr 1998 unsere Liebe zum Radsport in die t\u00e4gliche Arbeit einzubringen.<\/p>\n\n\n\n<p class=\"has-black-color has-text-color\">Mit 9 Jahren bestritt Gr\u00fcnder Arnd von Jagow sein erstes Stra\u00dfenrennen und bis heute ist der Zweiradsport seine gro\u00dfe Leidenschaft. <\/p>\n\n\n\n<p class=\"has-black-color has-text-color\">Unsere Erfahrungen, Fachwissen und Kompetenz nutzen wir, um Dich deinem Wunschbike ein St\u00fcck n\u00e4her zu bringen. Unsere Offenheit und Lockerheit machen einen Besuch bei FIREBIKE immer wieder zu einem Erlebnis.<\/p>\n\n\n\n<p><\/p>\n<\/div>\n\n\n\n<div class=\"is-layout-flow wp-block-column is-vertically-aligned-top\">\n<figure class=\"wp-block-image size-large\"><img decoding=\"async\" loading=\"lazy\" width=\"886\" height=\"591\" src=\"https:\/\/firebike.de\/go\/wp-content\/uploads\/2021\/02\/ATMO-2021-006.jpg\" alt=\"\" class=\"wp-image-630\" srcset=\"https:\/\/firebike.de\/go\/wp-content\/uploads\/2021\/02\/ATMO-2021-006.jpg 886w, https:\/\/firebike.de\/go\/wp-content\/uploads\/2021\/02\/ATMO-2021-006-300x200.jpg 300w, https:\/\/firebike.de\/go\/wp-content\/uploads\/2021\/02\/ATMO-2021-006-768x512.jpg 768w, https:\/\/firebike.de\/go\/wp-content\/uploads\/2021\/02\/ATMO-2021-006-600x400.jpg 600w, https:\/\/firebike.de\/go\/wp-content\/uploads\/2021\/02\/ATMO-2021-006-90x60.jpg 90w, https:\/\/firebike.de\/go\/wp-content\/uploads\/2021\/02\/ATMO-2021-006-135x90.jpg 135w\" sizes=\"(max-width: 886px) 100vw, 886px\" \/><\/figure>\n\n\n\n<figure class=\"wp-block-image size-large\"><img decoding=\"async\" loading=\"lazy\" width=\"886\" height=\"591\" src=\"http:\/\/firebike.de\/go\/wp-content\/uploads\/2021\/02\/ATMO-2021-022.jpg\" alt=\"\" class=\"wp-image-1049\" srcset=\"https:\/\/firebike.de\/go\/wp-content\/uploads\/2021\/02\/ATMO-2021-022.jpg 886w, https:\/\/firebike.de\/go\/wp-content\/uploads\/2021\/02\/ATMO-2021-022-300x200.jpg 300w, https:\/\/firebike.de\/go\/wp-content\/uploads\/2021\/02\/ATMO-2021-022-768x512.jpg 768w, https:\/\/firebike.de\/go\/wp-content\/uploads\/2021\/02\/ATMO-2021-022-600x400.jpg 600w\" sizes=\"(max-width: 886px) 100vw, 886px\" \/><\/figure>\n<\/div>\n<\/div>\n<\/div><\/section>\n","protected":false},"excerpt":{"rendered":"","protected":false},"author":1,"featured_media":0,"parent":0,"menu_order":0,"comment_status":"closed","ping_status":"closed","template":"","meta":{"_uag_custom_page_level_css":""},"uagb_featured_image_src":{"full":false,"thumbnail":false,"medium":false,"medium_large":false,"large":false,"1536x1536":false,"2048x2048":false,"woocommerce_thumbnail":false,"woocommerce_single":false,"woocommerce_gallery_thumbnail":false,"ppec_logo_image_size":false,"ppec_header_image_size":false},"uagb_author_info":{"display_name":"Beni","author_link":"https:\/\/firebike.de\/go\/author\/beni\/"},"uagb_comment_info":0,"uagb_excerpt":null,"_links":{"self":[{"href":"https:\/\/firebike.de\/go\/wp-json\/wp\/v2\/pages\/272"}],"collection":[{"href":"https:\/\/firebike.de\/go\/wp-json\/wp\/v2\/pages"}],"about":[{"href":"https:\/\/firebike.de\/go\/wp-json\/wp\/v2\/types\/page"}],"author":[{"embeddable":true,"href":"https:\/\/firebike.de\/go\/wp-json\/wp\/v2\/users\/1"}],"replies":[{"embeddable":true,"href":"https:\/\/firebike.de\/go\/wp-json\/wp\/v2\/comments?post=272"}],"version-history":[{"count":23,"href":"https:\/\/firebike.de\/go\/wp-json\/wp\/v2\/pages\/272\/revisions"}],"predecessor-version":[{"id":1051,"href":"https:\/\/firebike.de\/go\/wp-json\/wp\/v2\/pages\/272\/revisions\/1051"}],"wp:attachment":[{"href":"https:\/\/firebike.de\/go\/wp-json\/wp\/v2\/media?parent=272"}],"curies":[{"name":"wp","href":"https:\/\/api.w.org\/{rel}","templated":true}]}}