{"id":14,"date":"2018-11-27T09:17:42","date_gmt":"2018-11-27T09:17:42","guid":{"rendered":""},"modified":"2022-10-28T16:35:58","modified_gmt":"2022-10-28T14:35:58","slug":"projects","status":"publish","type":"page","link":"https:\/\/firebike.de\/go\/projects\/","title":{"rendered":"Service"},"content":{"rendered":"\n<section class=\"wp-block-uagb-section uagb-section__wrap uagb-section__background-image uagb-block-f27576dc\"><div class=\"uagb-section__overlay\"><\/div><div class=\"uagb-section__inner-wrap\">\n<div class=\"wp-block-uagb-advanced-heading uagb-block-1a6c8158\" id=\"uagb-adv-heading-4e678fb8-cd53-4de9-9a2a-a3b7e63d7b87\"><h1 class=\"uagb-heading-text\"><strong>Warum Firebike?!<\/strong><\/h1><p class=\"uagb-desc-text\"><\/p><\/div>\n<\/div><\/section>\n\n\n\n<section class=\"wp-block-uagb-section uagb-section__wrap uagb-section__background-color uagb-block-9d5d6338\"><div class=\"uagb-section__overlay\"><\/div><div class=\"uagb-section__inner-wrap\">\n<div class=\"wp-block-uagb-info-box uagb-infobox__outer-wrap uagb-block-6eeeea5c\"><div class=\"uagb-infobox__content-wrap uagb-infobox uagb-infobox-has-icon uagb-infobox-icon-above-title uagb-infobox-image-valign-top uagb-infobox-enable-border-radius \"><div class=\"uagb-ifb-left-right-wrap\"><div class=\"uagb-ifb-content\"><div class=\"uagb-ifb-title-wrap\"><span class=\"uagb-ifb-title-prefix\"><strong>Wir begleiten Dich zuverl\u00e4ssig und kompetent auf dem Weg zu Deinem<\/strong><\/span><h2 class=\"uagb-ifb-title\">Wunschbike<br><br><\/h2><\/div><div class=\"uagb-ifb-separator-parent\"><div class=\"uagb-ifb-separator\"><\/div><\/div><div class=\"uagb-ifb-text-wrap\"><p class=\"uagb-ifb-desc\">Beim Radfahren geht es vor allem darum, sich einfach gut zu f\u00fchlen.<br>Wir versorgen dich mit dem passenden Fahrrad. Wir bieten dir Markenvielfalt und die unterschiedlichsten Modelle f\u00fcr jeden Einsatzbereich. Wir lieben das, was wir tun &#8211; profitiere von unseren Erfahrungen und genie\u00dfe unseren Service.<br><br><strong>Direkter Kontakt<\/strong><br><br>Unser geschultes Service Team beantwortet Deine Anfrage schnell, pers\u00f6nlich und kompetent. Bei Fragen kannst Du dich gerne telefonisch oder per email bei uns melden! Solltest du niemanden erreichen, nutze unseren R\u00fcckruf Service und wir rufen Dich zu einer von dir gew\u00fcnschten Zeit zur\u00fcck! Auch per WhatsApp sind wir f\u00fcr dich erreichbar.<br><br><strong>Garantie<\/strong><br><br>Im Falle eines Falles bieten wir Dir einen unkomplizierten Service, denn nichts ist \u00e4rgerlicher als auf sein Bike verzichten zu m\u00fcssen.<br><br><strong>Servicewerkstatt<\/strong><br><br>Dank gut geschulter und zertifizierter Mechaniker k\u00f6nnen wir alle g\u00e4ngigen Produkte warten und reparieren. Auch in schwierigen F\u00e4llen versuchen wir, eine L\u00f6sung zu finden und bem\u00fchen uns, alles zu Deiner vollsten Zufriedenheit zu erledigen.<br><br>Jedes Bike wird von unserer Fachwerkstatt optimal vormontiert, getestet und f\u00fcr dich eingestellt, so dass Du sofort zu Deiner ersten Tour starten kannst!<br>Kostenlose Erstinspektion beim Kauf eines Bikes!<\/p><\/div><\/div><\/div><\/div><\/div>\n\n\n\n<section class=\"wp-block-uagb-section uagb-section__wrap uagb-section__background-undefined uagb-block-10fa317e\"><div class=\"uagb-section__overlay\"><\/div><div class=\"uagb-section__inner-wrap\">\n<div class=\"is-layout-flex wp-container-4 wp-block-columns has-3-columns\">\n<div class=\"is-layout-flow wp-block-column\">\n<figure class=\"wp-block-image size-large\"><img decoding=\"async\" loading=\"lazy\" width=\"1024\" height=\"683\" src=\"https:\/\/firebike.de\/go\/wp-content\/uploads\/2022\/10\/TranceXAdvELTD_gallery07-1024x683.jpg\" alt=\"\" class=\"wp-image-2352\" srcset=\"https:\/\/firebike.de\/go\/wp-content\/uploads\/2022\/10\/TranceXAdvELTD_gallery07-1024x683.jpg 1024w, https:\/\/firebike.de\/go\/wp-content\/uploads\/2022\/10\/TranceXAdvELTD_gallery07-300x200.jpg 300w, https:\/\/firebike.de\/go\/wp-content\/uploads\/2022\/10\/TranceXAdvELTD_gallery07-768x512.jpg 768w, https:\/\/firebike.de\/go\/wp-content\/uploads\/2022\/10\/TranceXAdvELTD_gallery07-600x400.jpg 600w, https:\/\/firebike.de\/go\/wp-content\/uploads\/2022\/10\/TranceXAdvELTD_gallery07-90x60.jpg 90w, https:\/\/firebike.de\/go\/wp-content\/uploads\/2022\/10\/TranceXAdvELTD_gallery07-135x90.jpg 135w, https:\/\/firebike.de\/go\/wp-content\/uploads\/2022\/10\/TranceXAdvELTD_gallery07.jpg 1500w\" sizes=\"(max-width: 1024px) 100vw, 1024px\" \/><\/figure>\n<\/div>\n\n\n\n<div class=\"is-layout-flow wp-block-column\">\n<figure class=\"wp-block-image size-large\"><img decoding=\"async\" loading=\"lazy\" width=\"1024\" height=\"683\" src=\"https:\/\/firebike.de\/go\/wp-content\/uploads\/2022\/10\/298878807_10167158308715427_7596057367419407_n-1024x683.jpg\" alt=\"\" class=\"wp-image-2353\" srcset=\"https:\/\/firebike.de\/go\/wp-content\/uploads\/2022\/10\/298878807_10167158308715427_7596057367419407_n-1024x683.jpg 1024w, https:\/\/firebike.de\/go\/wp-content\/uploads\/2022\/10\/298878807_10167158308715427_7596057367419407_n-300x200.jpg 300w, https:\/\/firebike.de\/go\/wp-content\/uploads\/2022\/10\/298878807_10167158308715427_7596057367419407_n-768x512.jpg 768w, https:\/\/firebike.de\/go\/wp-content\/uploads\/2022\/10\/298878807_10167158308715427_7596057367419407_n-1536x1024.jpg 1536w, https:\/\/firebike.de\/go\/wp-content\/uploads\/2022\/10\/298878807_10167158308715427_7596057367419407_n-600x400.jpg 600w, https:\/\/firebike.de\/go\/wp-content\/uploads\/2022\/10\/298878807_10167158308715427_7596057367419407_n-90x60.jpg 90w, https:\/\/firebike.de\/go\/wp-content\/uploads\/2022\/10\/298878807_10167158308715427_7596057367419407_n-135x90.jpg 135w, https:\/\/firebike.de\/go\/wp-content\/uploads\/2022\/10\/298878807_10167158308715427_7596057367419407_n.jpg 2048w\" sizes=\"(max-width: 1024px) 100vw, 1024px\" \/><\/figure>\n<\/div>\n\n\n\n<div class=\"is-layout-flow wp-block-column\">\n<figure class=\"wp-block-image size-large\"><img decoding=\"async\" loading=\"lazy\" width=\"1024\" height=\"683\" src=\"https:\/\/firebike.de\/go\/wp-content\/uploads\/2022\/10\/288710047_10167015509175427_5963225252257476325_n-1024x683.jpg\" alt=\"\" class=\"wp-image-2358\" srcset=\"https:\/\/firebike.de\/go\/wp-content\/uploads\/2022\/10\/288710047_10167015509175427_5963225252257476325_n-1024x683.jpg 1024w, https:\/\/firebike.de\/go\/wp-content\/uploads\/2022\/10\/288710047_10167015509175427_5963225252257476325_n-300x200.jpg 300w, https:\/\/firebike.de\/go\/wp-content\/uploads\/2022\/10\/288710047_10167015509175427_5963225252257476325_n-768x512.jpg 768w, https:\/\/firebike.de\/go\/wp-content\/uploads\/2022\/10\/288710047_10167015509175427_5963225252257476325_n-1536x1024.jpg 1536w, https:\/\/firebike.de\/go\/wp-content\/uploads\/2022\/10\/288710047_10167015509175427_5963225252257476325_n-600x400.jpg 600w, https:\/\/firebike.de\/go\/wp-content\/uploads\/2022\/10\/288710047_10167015509175427_5963225252257476325_n-90x60.jpg 90w, https:\/\/firebike.de\/go\/wp-content\/uploads\/2022\/10\/288710047_10167015509175427_5963225252257476325_n-135x90.jpg 135w, https:\/\/firebike.de\/go\/wp-content\/uploads\/2022\/10\/288710047_10167015509175427_5963225252257476325_n.jpg 2048w\" sizes=\"(max-width: 1024px) 100vw, 1024px\" \/><\/figure>\n\n\n\n<p><\/p>\n<\/div>\n<\/div>\n<\/div><\/section>\n\n\n\n<p><\/p>\n<\/div><\/section>\n\n\n\n<p><\/p>\n","protected":false},"excerpt":{"rendered":"","protected":false},"author":1,"featured_media":0,"parent":0,"menu_order":0,"comment_status":"closed","ping_status":"closed","template":"","meta":{"_uag_custom_page_level_css":""},"uagb_featured_image_src":{"full":false,"thumbnail":false,"medium":false,"medium_large":false,"large":false,"1536x1536":false,"2048x2048":false,"woocommerce_thumbnail":false,"woocommerce_single":false,"woocommerce_gallery_thumbnail":false,"ppec_logo_image_size":false,"ppec_header_image_size":false},"uagb_author_info":{"display_name":"Beni","author_link":"https:\/\/firebike.de\/go\/author\/beni\/"},"uagb_comment_info":0,"uagb_excerpt":null,"_links":{"self":[{"href":"https:\/\/firebike.de\/go\/wp-json\/wp\/v2\/pages\/14"}],"collection":[{"href":"https:\/\/firebike.de\/go\/wp-json\/wp\/v2\/pages"}],"about":[{"href":"https:\/\/firebike.de\/go\/wp-json\/wp\/v2\/types\/page"}],"author":[{"embeddable":true,"href":"https:\/\/firebike.de\/go\/wp-json\/wp\/v2\/users\/1"}],"replies":[{"embeddable":true,"href":"https:\/\/firebike.de\/go\/wp-json\/wp\/v2\/comments?post=14"}],"version-history":[{"count":20,"href":"https:\/\/firebike.de\/go\/wp-json\/wp\/v2\/pages\/14\/revisions"}],"predecessor-version":[{"id":2359,"href":"https:\/\/firebike.de\/go\/wp-json\/wp\/v2\/pages\/14\/revisions\/2359"}],"wp:attachment":[{"href":"https:\/\/firebike.de\/go\/wp-json\/wp\/v2\/media?parent=14"}],"curies":[{"name":"wp","href":"https:\/\/api.w.org\/{rel}","templated":true}]}}